{"id":312,"date":"2022-03-07T18:23:21","date_gmt":"2022-03-07T18:23:21","guid":{"rendered":"https:\/\/ccalicante.es\/?page_id=312"},"modified":"2025-05-06T14:44:37","modified_gmt":"2025-05-06T14:44:37","slug":"belgica","status":"publish","type":"page","link":"https:\/\/ccalicante.es\/?page_id=312","title":{"rendered":"Belgica"},"content":{"rendered":"<div id=\"pl-312\"  class=\"panel-layout\" ><div id=\"pg-312-0\"  class=\"panel-grid panel-no-style\" ><div id=\"pgc-312-0-0\"  class=\"panel-grid-cell\" ><div id=\"panel-312-0-0-0\" class=\"so-panel widget widget_text panel-first-child panel-last-child\" data-index=\"0\" ><div class=\"panel-widget-style panel-widget-style-for-312-0-0-0\" ><h3 class=\"widget-title\">Consulado de B\u00e9lgica<\/h3>\t\t\t<div class=\"textwidget\"><\/div>\n\t\t<\/div><\/div><\/div><\/div><div id=\"pg-312-1\"  class=\"panel-grid panel-no-style\" ><div id=\"pgc-312-1-0\"  class=\"panel-grid-cell panel-grid-cell-empty\" ><\/div><div id=\"pgc-312-1-1\"  class=\"panel-grid-cell\" ><div id=\"panel-312-1-1-0\" class=\"so-panel widget widget_media_image panel-first-child panel-last-child\" data-index=\"1\" ><img loading=\"lazy\" decoding=\"async\" width=\"300\" height=\"171\" src=\"https:\/\/ccalicante.es\/wp-content\/uploads\/2022\/03\/belgica-300x171.jpg\" class=\"image wp-image-313  attachment-medium size-medium\" alt=\"\" style=\"max-width: 100%; height: auto;\" srcset=\"https:\/\/ccalicante.es\/wp-content\/uploads\/2022\/03\/belgica-300x171.jpg 300w, https:\/\/ccalicante.es\/wp-content\/uploads\/2022\/03\/belgica.jpg 700w\" sizes=\"auto, (max-width: 300px) 100vw, 300px\" \/><\/div><\/div><div id=\"pgc-312-1-2\"  class=\"panel-grid-cell\" ><div id=\"panel-312-1-2-0\" class=\"so-panel widget widget_text panel-first-child panel-last-child\" data-index=\"2\" >\t\t\t<div class=\"textwidget\"><p><strong>C\u00f3nsul del Reino de B\u00e9lgica:<\/strong><br \/>\nSra. D\u00aa Cl\u00e9mentine Fauconnier<\/p>\n<p>Explanada de Espa\u00f1a, 1, 5\u00ba<br \/>\n03002 Alicante<br \/>\nTel.: (+34) 965 929 147<br \/>\ne-mail: <a href=\"mailto:mia.vanlil@diplobel.fed.be\">alicante@diplobel.fed.be<\/a><\/p>\n<p><strong>Jurisdicci\u00f3n:<\/strong> Provincias de Alicante, Castell\u00f3n de la Plana, Valencia, Murcia, Almer\u00eda, Granada y M\u00e1laga<\/p>\n<p>&nbsp;<\/p>\n<p>&nbsp;<\/p>\n<\/div>\n\t\t<\/div><\/div><\/div><\/div>","protected":false},"excerpt":{"rendered":"<p>C\u00f3nsul del Reino de B\u00e9lgica: Sra. D\u00aa Cl\u00e9mentine Fauconnier Explanada de Espa\u00f1a, 1, 5\u00ba 03002 Alicante Tel.: (+34) 965 929 147 e-mail: alicante@diplobel.fed.be Jurisdicci\u00f3n: Provincias de Alicante, Castell\u00f3n de la Plana, Valencia, Murcia, Almer\u00eda, Granada y M\u00e1laga &nbsp; &nbsp;<\/p>\n","protected":false},"author":1,"featured_media":0,"parent":0,"menu_order":0,"comment_status":"closed","ping_status":"closed","template":"","meta":{"neve_meta_sidebar":"","neve_meta_container":"","neve_meta_enable_content_width":"off","neve_meta_content_width":100,"neve_meta_title_alignment":"","neve_meta_author_avatar":"","neve_post_elements_order":"","neve_meta_disable_header":"","neve_meta_disable_footer":"","neve_meta_disable_title":"","footnotes":""},"class_list":["post-312","page","type-page","status-publish","hentry"],"_links":{"self":[{"href":"https:\/\/ccalicante.es\/index.php?rest_route=\/wp\/v2\/pages\/312","targetHints":{"allow":["GET"]}}],"collection":[{"href":"https:\/\/ccalicante.es\/index.php?rest_route=\/wp\/v2\/pages"}],"about":[{"href":"https:\/\/ccalicante.es\/index.php?rest_route=\/wp\/v2\/types\/page"}],"author":[{"embeddable":true,"href":"https:\/\/ccalicante.es\/index.php?rest_route=\/wp\/v2\/users\/1"}],"replies":[{"embeddable":true,"href":"https:\/\/ccalicante.es\/index.php?rest_route=%2Fwp%2Fv2%2Fcomments&post=312"}],"version-history":[{"count":19,"href":"https:\/\/ccalicante.es\/index.php?rest_route=\/wp\/v2\/pages\/312\/revisions"}],"predecessor-version":[{"id":966,"href":"https:\/\/ccalicante.es\/index.php?rest_route=\/wp\/v2\/pages\/312\/revisions\/966"}],"wp:attachment":[{"href":"https:\/\/ccalicante.es\/index.php?rest_route=%2Fwp%2Fv2%2Fmedia&parent=312"}],"curies":[{"name":"wp","href":"https:\/\/api.w.org\/{rel}","templated":true}]}}