{"id":390,"date":"2022-03-08T09:59:02","date_gmt":"2022-03-08T09:59:02","guid":{"rendered":"https:\/\/ccalicante.es\/?page_id=390"},"modified":"2022-03-10T19:42:06","modified_gmt":"2022-03-10T19:42:06","slug":"italia","status":"publish","type":"page","link":"https:\/\/ccalicante.es\/?page_id=390","title":{"rendered":"Italia"},"content":{"rendered":"<div id=\"pl-390\"  class=\"panel-layout\" ><div id=\"pg-390-0\"  class=\"panel-grid panel-no-style\" ><div id=\"pgc-390-0-0\"  class=\"panel-grid-cell\" ><div id=\"panel-390-0-0-0\" class=\"so-panel widget widget_text panel-first-child panel-last-child\" data-index=\"0\" ><div class=\"panel-widget-style panel-widget-style-for-390-0-0-0\" ><h3 class=\"widget-title\">Consulado de Italia<\/h3>\t\t\t<div class=\"textwidget\"><\/div>\n\t\t<\/div><\/div><\/div><\/div><div id=\"pg-390-1\"  class=\"panel-grid panel-no-style\" ><div id=\"pgc-390-1-0\"  class=\"panel-grid-cell panel-grid-cell-empty\" ><\/div><div id=\"pgc-390-1-1\"  class=\"panel-grid-cell\" ><div id=\"panel-390-1-1-0\" class=\"so-panel widget widget_media_image panel-first-child panel-last-child\" data-index=\"1\" ><img loading=\"lazy\" decoding=\"async\" width=\"275\" height=\"183\" src=\"https:\/\/ccalicante.es\/wp-content\/uploads\/2022\/03\/italia.jpg\" class=\"image wp-image-485  attachment-full size-full\" alt=\"\" style=\"max-width: 100%; height: auto;\" srcset=\"https:\/\/ccalicante.es\/wp-content\/uploads\/2022\/03\/italia.jpg 275w, https:\/\/ccalicante.es\/wp-content\/uploads\/2022\/03\/italia-272x182.jpg 272w\" sizes=\"auto, (max-width: 275px) 100vw, 275px\" \/><\/div><\/div><div id=\"pgc-390-1-2\"  class=\"panel-grid-cell panel-grid-cell-mobile-last\" ><div id=\"panel-390-1-2-0\" class=\"so-panel widget widget_text panel-first-child panel-last-child\" data-index=\"2\" >\t\t\t<div class=\"textwidget\"><p><strong>C\u00f3nsul Honorario de Italia:<\/strong><br \/>\nSr. D. Danilo Angelini<\/p>\n<p>Avda. Benito P\u00e9rez Gald\u00f3s, 9-11, 1\u00ba D<br \/>\n03004 Alicante<br \/>\nTel.: (+34) 965 141 133<br \/>\ne-mail: <a href=\"mailto:alicante.onorario@esteri.it\">alicante.onorario@esteri.it<\/a><\/p>\n<\/div>\n\t\t<\/div><\/div><div id=\"pgc-390-1-3\"  class=\"panel-grid-cell panel-grid-cell-empty\" ><\/div><\/div><\/div>","protected":false},"excerpt":{"rendered":"<p>C\u00f3nsul Honorario de Italia: Sr. D. Danilo Angelini Avda. Benito P\u00e9rez Gald\u00f3s, 9-11, 1\u00ba D 03004 Alicante Tel.: (+34) 965 141 133 e-mail: alicante.onorario@esteri.it<\/p>\n","protected":false},"author":1,"featured_media":0,"parent":0,"menu_order":0,"comment_status":"closed","ping_status":"closed","template":"","meta":{"neve_meta_sidebar":"","neve_meta_container":"","neve_meta_enable_content_width":"off","neve_meta_content_width":100,"neve_meta_title_alignment":"","neve_meta_author_avatar":"","neve_post_elements_order":"","neve_meta_disable_header":"","neve_meta_disable_footer":"","neve_meta_disable_title":"","footnotes":""},"class_list":["post-390","page","type-page","status-publish","hentry"],"_links":{"self":[{"href":"https:\/\/ccalicante.es\/index.php?rest_route=\/wp\/v2\/pages\/390","targetHints":{"allow":["GET"]}}],"collection":[{"href":"https:\/\/ccalicante.es\/index.php?rest_route=\/wp\/v2\/pages"}],"about":[{"href":"https:\/\/ccalicante.es\/index.php?rest_route=\/wp\/v2\/types\/page"}],"author":[{"embeddable":true,"href":"https:\/\/ccalicante.es\/index.php?rest_route=\/wp\/v2\/users\/1"}],"replies":[{"embeddable":true,"href":"https:\/\/ccalicante.es\/index.php?rest_route=%2Fwp%2Fv2%2Fcomments&post=390"}],"version-history":[{"count":14,"href":"https:\/\/ccalicante.es\/index.php?rest_route=\/wp\/v2\/pages\/390\/revisions"}],"predecessor-version":[{"id":690,"href":"https:\/\/ccalicante.es\/index.php?rest_route=\/wp\/v2\/pages\/390\/revisions\/690"}],"wp:attachment":[{"href":"https:\/\/ccalicante.es\/index.php?rest_route=%2Fwp%2Fv2%2Fmedia&parent=390"}],"curies":[{"name":"wp","href":"https:\/\/api.w.org\/{rel}","templated":true}]}}