{"id":607,"date":"2022-03-10T11:42:30","date_gmt":"2022-03-10T11:42:30","guid":{"rendered":"https:\/\/ccalicante.es\/?page_id=607"},"modified":"2025-05-06T15:02:52","modified_gmt":"2025-05-06T15:02:52","slug":"relacion-de-decanos","status":"publish","type":"page","link":"https:\/\/ccalicante.es\/?page_id=607","title":{"rendered":"Relacion de Decanos"},"content":{"rendered":"<div id=\"pl-607\"  class=\"panel-layout\" ><div id=\"pg-607-0\"  class=\"panel-grid panel-has-style\" ><div class=\"panel-row-style panel-row-style-for-607-0\" ><div id=\"pgc-607-0-0\"  class=\"panel-grid-cell\" ><div id=\"panel-607-0-0-0\" class=\"so-panel widget widget_text panel-first-child\" data-index=\"0\" ><div class=\"panel-widget-style panel-widget-style-for-607-0-0-0\" ><h3 class=\"widget-title\">Relaci\u00f3n cronol\u00f3gica de los Decanos del Cuerpo Consular de Alicante.<\/h3>\t\t\t<div class=\"textwidget\"><\/div>\n\t\t<\/div><\/div><div id=\"panel-607-0-0-1\" class=\"so-panel widget widget_text panel-last-child\" data-index=\"1\" >\t\t\t<div class=\"textwidget\"><ul>\n<li>Honorable Mario Flores Arroyo, C\u00f3nsul Honorario de M\u00f3naco en Alicante<\/li>\n<li>Honorable Ditier Hugo Fahnebrock, C\u00f3nsul Honorario de Alemania en Alicante<\/li>\n<li>Honorable Francisco J. de Garnica y Collantes, C\u00f3nsul Honorario de Guatemala en Alicante<\/li>\n<li>Honorable Ignacio Mar\u00eda Campos Belda, C\u00f3nsul Honorario de los Pa\u00edses Bajos en Alicante<\/li>\n<li>Honorable Maria Adelaida de Almeida Nascimento, C\u00f3nsul Honoraria de Brasil en Alicante<\/li>\n<li>Honorable George Sanz, C\u00f3nsul Honorario de Francia en Alicante<\/li>\n<li>Honorable Vicente Farach P\u00e9rez, C\u00f3nsul Honorario de Marruecos en Alicante<\/li>\n<li>Honorable Senakpon Polycarpe Gbassi Agbeke, C\u00f3nsul Honorario de Francia en Alicante<\/li>\n<li>Honorable Bj\u00f8rn Sandstr\u00f8m, C\u00f3nsul Honorario de Suecia en Torrevieja<\/li>\n<li>Honorable Alfonso Jurado Mesa, C\u00f3nsul Honorario de Bielorrusia en Alicante<\/li>\n<li>Honorable Tim Kindem S\u00f8rmann, C\u00f3nsul General Honorario de Noruega en Alicante<\/li>\n<li>Honorable Bojan Dozet Kapor, C\u00f3nsul Honorario de Bosnia-Herzegovina en Alicante<\/li>\n<\/ul>\n<\/div>\n\t\t<\/div><\/div><\/div><\/div><\/div>","protected":false},"excerpt":{"rendered":"<p>Honorable Mario Flores Arroyo, C\u00f3nsul Honorario de M\u00f3naco en Alicante Honorable Ditier Hugo Fahnebrock, C\u00f3nsul Honorario de Alemania en Alicante Honorable Francisco J. de Garnica y Collantes, C\u00f3nsul Honorario de Guatemala en Alicante Honorable Ignacio Mar\u00eda Campos Belda, C\u00f3nsul Honorario de los Pa\u00edses Bajos en Alicante Honorable Maria Adelaida de Almeida Nascimento, C\u00f3nsul Honoraria de&hellip;&nbsp;<a href=\"https:\/\/ccalicante.es\/?page_id=607\" class=\"\" rel=\"bookmark\">Leer m\u00e1s &raquo;<span class=\"screen-reader-text\">Relacion de Decanos<\/span><\/a><\/p>\n","protected":false},"author":1,"featured_media":0,"parent":0,"menu_order":0,"comment_status":"closed","ping_status":"closed","template":"","meta":{"neve_meta_sidebar":"","neve_meta_container":"","neve_meta_enable_content_width":"off","neve_meta_content_width":100,"neve_meta_title_alignment":"","neve_meta_author_avatar":"","neve_post_elements_order":"","neve_meta_disable_header":"","neve_meta_disable_footer":"","neve_meta_disable_title":"","footnotes":""},"class_list":["post-607","page","type-page","status-publish","hentry"],"_links":{"self":[{"href":"https:\/\/ccalicante.es\/index.php?rest_route=\/wp\/v2\/pages\/607","targetHints":{"allow":["GET"]}}],"collection":[{"href":"https:\/\/ccalicante.es\/index.php?rest_route=\/wp\/v2\/pages"}],"about":[{"href":"https:\/\/ccalicante.es\/index.php?rest_route=\/wp\/v2\/types\/page"}],"author":[{"embeddable":true,"href":"https:\/\/ccalicante.es\/index.php?rest_route=\/wp\/v2\/users\/1"}],"replies":[{"embeddable":true,"href":"https:\/\/ccalicante.es\/index.php?rest_route=%2Fwp%2Fv2%2Fcomments&post=607"}],"version-history":[{"count":16,"href":"https:\/\/ccalicante.es\/index.php?rest_route=\/wp\/v2\/pages\/607\/revisions"}],"predecessor-version":[{"id":969,"href":"https:\/\/ccalicante.es\/index.php?rest_route=\/wp\/v2\/pages\/607\/revisions\/969"}],"wp:attachment":[{"href":"https:\/\/ccalicante.es\/index.php?rest_route=%2Fwp%2Fv2%2Fmedia&parent=607"}],"curies":[{"name":"wp","href":"https:\/\/api.w.org\/{rel}","templated":true}]}}